{"id":2,"date":"2025-04-17T20:58:37","date_gmt":"2025-04-17T18:58:37","guid":{"rendered":"http:\/\/testwp68-ai.you2.pl\/?page_id=2"},"modified":"2025-11-29T17:02:31","modified_gmt":"2025-11-29T16:02:31","slug":"przykladowa-strona","status":"publish","type":"page","link":"https:\/\/witowka.pl\/index.php\/przykladowa-strona\/","title":{"rendered":"O nas"},"content":{"rendered":"\n<p>       Je\u015bli nie lubisz zat\u0142oczonych hoteli i pensjonat\u00f3w zapraszamy do Wit\u00f3wki. U nas b\u0119dziesz mia\u0142 domek na wy\u0142\u0105czno\u015b\u0107!!! <\/p>\n\n\n\n<p>Do dyspozycji naszych go\u015bci oddajemy 2 drewniane domki. Jeden mog\u0105cy pomie\u015bci\u0107 6 os\u00f3b i drugi 4 osoby oraz oko\u0142o 1500m2 ogrodzonego placu. <\/p>\n\n\n\n<p>Domek 6 osobowy sk\u0142ada si\u0119 z 4 pomieszcze\u0144. Salon z wyposa\u017con\u0105 kuchni\u0105, \u0142azienka, dwie sypialnie ( w sypialniach \u0142\u00f3\u017cka ma\u0142\u017ce\u0144skie + rozk\u0142adana sofa w salonie). <\/p>\n\n\n\n<p>Domek 4 osobowy sk\u0142ada si\u0119 z 3 pomieszcze\u0144. Salon z wyposa\u017con\u0105 kuchni\u0105,\u0142azienka, sypialnia ( w sypialni \u0142\u00f3\u017cko ma\u0142\u017ce\u0144skie + rozk\u0142adana sofa w salonie). <\/p>\n\n\n\n<p>Cicha spokojna okolica z dala od miejskiego zgie\u0142ku. Z domk\u00f3w rozpo\u015bciera si\u0119 widok na najwy\u017cszy szczyt G\u00f3r \u015awi\u0119tokrzyskich &#8211; \u0141ysice, jak r\u00f3wnie\u017c na \u0141ys\u0105 G\u00f3r\u0119. Idealne miejsce dla lubi\u0105cych d\u0142ugie spacery, zar\u00f3wno ma\u0142o ruchliw\u0105 drog\u0105 asfaltow\u0105 jak r\u00f3wnie\u017c poln\u0105 drog\u0105 w\u015br\u00f3d zb\u00f3\u017c, \u0142\u0105k i lasu. <\/p>\n\n\n\n<p>Ponadto oferujemy: grill plac zabaw miejsca parkingowe na ogrodzonej posesji du\u017co zieleni<\/p>\n","protected":false},"excerpt":{"rendered":"<p>Je\u015bli nie lubisz zat\u0142oczonych hoteli i pensjonat\u00f3w zapraszamy do Wit\u00f3wki. U nas b\u0119dziesz mia\u0142 domek na wy\u0142\u0105czno\u015b\u0107!!! Do dyspozycji naszych go\u015bci oddajemy 2 drewniane domki. Jeden mog\u0105cy pomie\u015bci\u0107 6 os\u00f3b i drugi 4 osoby oraz oko\u0142o 1500m2 ogrodzonego placu. Domek 6 osobowy sk\u0142ada si\u0119 z 4 pomieszcze\u0144. Salon z wyposa\u017con\u0105 kuchni\u0105, \u0142azienka, dwie sypialnie ( [&hellip;]<\/p>\n","protected":false},"author":1,"featured_media":0,"parent":0,"menu_order":0,"comment_status":"closed","ping_status":"open","template":"","meta":{"footnotes":""},"class_list":["post-2","page","type-page","status-publish","hentry"],"_links":{"self":[{"href":"https:\/\/witowka.pl\/index.php\/wp-json\/wp\/v2\/pages\/2","targetHints":{"allow":["GET"]}}],"collection":[{"href":"https:\/\/witowka.pl\/index.php\/wp-json\/wp\/v2\/pages"}],"about":[{"href":"https:\/\/witowka.pl\/index.php\/wp-json\/wp\/v2\/types\/page"}],"author":[{"embeddable":true,"href":"https:\/\/witowka.pl\/index.php\/wp-json\/wp\/v2\/users\/1"}],"replies":[{"embeddable":true,"href":"https:\/\/witowka.pl\/index.php\/wp-json\/wp\/v2\/comments?post=2"}],"version-history":[{"count":3,"href":"https:\/\/witowka.pl\/index.php\/wp-json\/wp\/v2\/pages\/2\/revisions"}],"predecessor-version":[{"id":117,"href":"https:\/\/witowka.pl\/index.php\/wp-json\/wp\/v2\/pages\/2\/revisions\/117"}],"wp:attachment":[{"href":"https:\/\/witowka.pl\/index.php\/wp-json\/wp\/v2\/media?parent=2"}],"curies":[{"name":"wp","href":"https:\/\/api.w.org\/{rel}","templated":true}]}}