{"id":103,"date":"2025-11-21T09:45:25","date_gmt":"2025-11-21T08:45:25","guid":{"rendered":"https:\/\/witowka.pl\/index.php\/home\/"},"modified":"2025-11-29T16:56:27","modified_gmt":"2025-11-29T15:56:27","slug":"home","status":"publish","type":"page","link":"https:\/\/witowka.pl\/","title":{"rendered":"Wit\u00f3wka Bieliny"},"content":{"rendered":"\n<p><strong>    <\/strong><\/p>\n\n\n\n<p><\/p>\n\n\n\n<p><strong> STRONA W BUDOWIE<\/strong><\/p>\n\n\n\n<p><strong>Wit\u00f3wka Bieliny<\/strong><\/p>\n\n\n\n<figure class=\"wp-block-image size-large\"><img fetchpriority=\"high\" decoding=\"async\" width=\"1024\" height=\"472\" src=\"https:\/\/witowka.pl\/wp-content\/uploads\/2025\/11\/1704401350278-1024x472.jpg\" alt=\"\" class=\"wp-image-112\" srcset=\"https:\/\/witowka.pl\/wp-content\/uploads\/2025\/11\/1704401350278-1024x472.jpg 1024w, https:\/\/witowka.pl\/wp-content\/uploads\/2025\/11\/1704401350278-300x138.jpg 300w, https:\/\/witowka.pl\/wp-content\/uploads\/2025\/11\/1704401350278-768x354.jpg 768w, https:\/\/witowka.pl\/wp-content\/uploads\/2025\/11\/1704401350278-1536x708.jpg 1536w, https:\/\/witowka.pl\/wp-content\/uploads\/2025\/11\/1704401350278-2048x944.jpg 2048w\" sizes=\"(max-width: 1024px) 100vw, 1024px\" \/><\/figure>\n\n\n\n<p>Wit\u00f3wka Bieliny<\/p>\n\n\n\n<p>26-004 Bieliny ul. Wsp\u00f3lna 58<\/p>\n\n\n\n<p>Tel. 505 445 136<\/p>\n\n\n\n<p>witowka2@o2.pl<\/p>\n\n\n\n<p><\/p>\n\n\n\n<p><\/p>\n\n\n\n<p><\/p>\n","protected":false},"excerpt":{"rendered":"<p>STRONA W BUDOWIE Wit\u00f3wka Bieliny Wit\u00f3wka Bieliny 26-004 Bieliny ul. Wsp\u00f3lna 58 Tel. 505 445 136 witowka2@o2.pl<\/p>\n","protected":false},"author":1,"featured_media":0,"parent":0,"menu_order":0,"comment_status":"closed","ping_status":"closed","template":"","meta":{"footnotes":""},"class_list":["post-103","page","type-page","status-publish","hentry"],"_links":{"self":[{"href":"https:\/\/witowka.pl\/index.php\/wp-json\/wp\/v2\/pages\/103","targetHints":{"allow":["GET"]}}],"collection":[{"href":"https:\/\/witowka.pl\/index.php\/wp-json\/wp\/v2\/pages"}],"about":[{"href":"https:\/\/witowka.pl\/index.php\/wp-json\/wp\/v2\/types\/page"}],"author":[{"embeddable":true,"href":"https:\/\/witowka.pl\/index.php\/wp-json\/wp\/v2\/users\/1"}],"replies":[{"embeddable":true,"href":"https:\/\/witowka.pl\/index.php\/wp-json\/wp\/v2\/comments?post=103"}],"version-history":[{"count":4,"href":"https:\/\/witowka.pl\/index.php\/wp-json\/wp\/v2\/pages\/103\/revisions"}],"predecessor-version":[{"id":113,"href":"https:\/\/witowka.pl\/index.php\/wp-json\/wp\/v2\/pages\/103\/revisions\/113"}],"wp:attachment":[{"href":"https:\/\/witowka.pl\/index.php\/wp-json\/wp\/v2\/media?parent=103"}],"curies":[{"name":"wp","href":"https:\/\/api.w.org\/{rel}","templated":true}]}}